{"id":7,"date":"2016-03-13T14:38:07","date_gmt":"2016-03-13T13:38:07","guid":{"rendered":"http:\/\/anim-enfance.org\/?page_id=7"},"modified":"2025-09-07T09:46:45","modified_gmt":"2025-09-07T08:46:45","slug":"centre-de-loisirs","status":"publish","type":"page","link":"https:\/\/anim-enfance.org\/index.php\/centre-de-loisirs\/","title":{"rendered":"Centre de loisirs ALSH &#8211; Saint Sozy"},"content":{"rendered":"<p><img decoding=\"async\" loading=\"lazy\" class=\"wp-image-2061 aligncenter\" src=\"http:\/\/anim-enfance.org\/wp-content\/uploads\/2019\/09\/IMG_1359-2-300x164.jpg\" alt=\"\" width=\"995\" height=\"544\" srcset=\"https:\/\/anim-enfance.org\/wp-content\/uploads\/2019\/09\/IMG_1359-2-300x164.jpg 300w, https:\/\/anim-enfance.org\/wp-content\/uploads\/2019\/09\/IMG_1359-2.jpg 640w\" sizes=\"(max-width: 995px) 100vw, 995px\" \/><\/p>\n<div id=\"haut\">\n<h4 style=\"text-align: justify;\">Fonctionnement de l&#8217;accueil de loisirs<\/h4>\n<\/div>\n<p style=\"text-align: justify;\"><b>L&#8217;accueil de loisirs d\u2019 Anim\u2019Enfance est une structure d\u2019accueil sans h\u00e9bergement, pour les enfants de 3 ans \u00bd scolaris\u00e9s \u00e0 16 ans (jusqu\u2019\u00e0\u00a012 ans sur site et 16 ans pour les camps). <\/b><br \/>\n<strong>Nous accueillons les enfants sans restriction g\u00e9ographique, m\u00eame les enfants de vacanciers sont les bienvenus !<\/strong><\/p>\n<ul>\n<li><strong><a href=\"#gestionparentale\">La gestion parentale et la participation parentale <\/a><\/strong><\/li>\n<li><strong><a href=\"#projetpedagogique\">Un aper\u00e7u du projet p\u00e9dagogique <\/a><\/strong><\/li>\n<li><strong><a href=\"#activites\">Les activit\u00e9s sur site <\/a><\/strong><\/li>\n<li><strong><a href=\"#camps\">Les sorties et les camps <\/a><\/strong><\/li>\n<li><strong><a href=\"#tarifs\">Tarifications et infos pratiques<\/a><\/strong><\/li>\n<\/ul>\n<div id=\"gestionparentale\"><strong>\u00a0<\/strong><\/div>\n<h4 style=\"text-align: justify;\">La gestion parentale<\/h4>\n<p style=\"text-align: justify;\"><strong>L\u2019accueil de loisirs est une des structures de l\u2019association Anim\u2019Enfance, association g\u00e9r\u00e9e par des parents b\u00e9n\u00e9voles.<\/strong> Tous les membres \u00e9lisent chaque ann\u00e9e en Assembl\u00e9e G\u00e9n\u00e9rale un Conseil d\u2019Administration (CA) qui assume la gestion administrative, financi\u00e8re et humaine de la structure. Pour le suivi quotidien, le CA d\u00e9l\u00e8gue ses pouvoirs \u00e0 un bureau, constitu\u00e9 d\u2019une \u00e9quipe de 6 personnes.<br \/>\nTous les ans, en fonction du d\u00e9part des membres du CA, le relais se fait avec de nouveaux parents pour ainsi assurer la p\u00e9rennit\u00e9 de la structure.<br \/>\n<a href=\"http:\/\/anim-enfance.org\/index.php\/qui-sommes-nous\/\">En savoir plus<\/a><\/p>\n<h4 style=\"text-align: justify;\">La participation parentale<\/h4>\n<p style=\"text-align: justify;\"><strong>Des commissions permanentes sont cr\u00e9\u00e9es, parmi lesquelles tout nouveau parent est le bienvenu<\/strong> :\u00a0 Commission d&#8221;accueil des nouveaux parents &#8211; Commission des manifestations \u00e9v\u00e9nementielles &#8211; Commission s\u00e9curit\u00e9 \/ travaux- Commission Administration\u00a0 &#8211; Commission Communication.<br \/>\nIl est \u00e9galement attendu que les parents s\u2019impliquent ponctuellement dans la vie de l\u2019accueil de loisirs, selon leurs connaissances, passions ou comp\u00e9tences particuli\u00e8res.<\/p>\n<div id=\"projetpedagogique\">\n<h4 style=\"text-align: justify;\">Un aper\u00e7u du projet p\u00e9dagogique<\/h4>\n<h4 style=\"text-align: justify;\"><a href=\"http:\/\/anim-enfance.org\/wp-content\/uploads\/2020\/08\/PLAQUETTE-2020-2021.pdf\">PLAQUETTE 2020 2021<\/a><\/h4>\n<\/div>\n<p style=\"text-align: justify;\"><strong>Nous favorisons le plaisir d\u2019\u00eatre ensemble, par des jeux collectifs et des moments de paroles. Toutefois, nous respectons l\u2019individualit\u00e9 et l\u2019autonomie de chacun, en proposant plusieurs ateliers lors d\u2019une m\u00eame journ\u00e9e.<\/strong> Les r\u00e8gles de vie sont clairement \u00e9nonc\u00e9es par les adultes encadrant, pour un respect de la vie en collectivit\u00e9.<br \/>\nNous valorisons les qualit\u00e9s personnelles des enfants, notamment la cr\u00e9ativit\u00e9 et l\u2019habilet\u00e9, par des ateliers dessins, bricolage ou p\u00e2tisserie.<\/p>\n<p style=\"text-align: justify;\">Nous profitons de notre implantation \u00e0 Saint-Sozy, au bord de la Dordogne pour des balades en plein air, et des rencontres avec les habitants du village, pour que chacun prenne plaisir \u00e0 la vie champ\u00eatre !<\/p>\n<div id=\"activites\">\n<h4 style=\"text-align: justify;\">Les activit\u00e9s sur site<\/h4>\n<\/div>\n<p style=\"text-align: justify;\"><strong>Les enfants viennent \u00e0 l\u2019Accueil de loisirs pour jouer, retrouver les copains, en-dehors du contexte familial et scolaire. <\/strong>Les animatrices qualifi\u00e9es font d\u00e9couvrir des pratiques culturelles et sportives, sous forme ludique.<\/p>\n<p style=\"text-align: justify;\"><strong><img decoding=\"async\" loading=\"lazy\" class=\"wp-image-341 alignleft\" style=\"border-radius: 0 20px 0 20px;\" src=\"http:\/\/anim-enfance.org\/wp-content\/uploads\/2016\/07\/index-300x225.jpg\" width=\"244\" height=\"183\" srcset=\"https:\/\/anim-enfance.org\/wp-content\/uploads\/2016\/07\/index-300x225.jpg 300w, https:\/\/anim-enfance.org\/wp-content\/uploads\/2016\/07\/index.jpg 733w\" sizes=\"(max-width: 244px) 100vw, 244px\" \/>Les locaux de l\u2019Accueil de Loisirs pr\u00e9sentent de nombreux am\u00e9nagements afin que chacun trouve sa place.<\/strong> Un espace lecture avec des poufs color\u00e9s, un coin dinette, des grandes tables pour dessiner, un dortoir au calme, un atelier peinture. Les enfants peuvent \u00e9galement se regrouper autour de jeux de soci\u00e9t\u00e9 ou de construction. Des moments de d\u00e9tente sont propos\u00e9s dans la biblioth\u00e8que \u00e0 l\u2019\u00e9tage.<br \/>\nLes plus jeunes ont la possibilit\u00e9 de faire la sieste dans un dortoir au calme.<\/p>\n<p style=\"text-align: justify;\"><strong>A l\u2019ext\u00e9rieur, un grand parc cl\u00f4tur\u00e9 permet toutes sortes d\u2019activit\u00e9s en plein air : jeux de ballons, v\u00e9lo \/ trottinettes \/ kartings, jeu de sable\u2026 <\/strong><br \/>\n<strong>Nous avons \u00e9galement acc\u00e8s au stade de Saint-Sozy pour organiser de grands jeux collectifs et au gymnase pour les jours de mauvais temps !<\/strong><\/p>\n<div id=\"camps\">\n<h4 style=\"text-align: justify;\">Les sorties et les camps<\/h4>\n<\/div>\n<p style=\"text-align: justify;\"><strong>L\u2019Accueil de loisirs organise r\u00e9guli\u00e8rement des journ\u00e9es de jeux et de d\u00e9couvertes. Pendant les vacances d\u2019hiver, des sorties \u00e0 la montagne pour ski et luge sont programm\u00e9es.<br \/>\n<\/strong><\/p>\n<p style=\"text-align: justify;\"><img decoding=\"async\" loading=\"lazy\" class=\" wp-image-118 alignleft\" style=\"border-radius: 0 20px 0 20px;\" src=\"http:\/\/anim-enfance.org\/wp-content\/uploads\/2016\/06\/ski-300x224.jpg\" alt=\"ski\" width=\"246\" height=\"184\" srcset=\"https:\/\/anim-enfance.org\/wp-content\/uploads\/2016\/06\/ski-300x224.jpg 300w, https:\/\/anim-enfance.org\/wp-content\/uploads\/2016\/06\/ski-768x573.jpg 768w, https:\/\/anim-enfance.org\/wp-content\/uploads\/2016\/06\/ski.jpg 888w\" sizes=\"(max-width: 246px) 100vw, 246px\" \/>D\u00e8s les beaux jours, <strong>une journ\u00e9e \u00e0 Walibi<\/strong> est un grand moment de jeux ! L\u2019\u00e9t\u00e9, des <strong>camps sous tente<\/strong> sont propos\u00e9s afin de d\u00e9couvrir la nature en immersion.<br \/>\nNous proposons des <strong>camps d\u2019\u00e9quitation, <\/strong>de <strong>sports nautiques&#8230; <\/strong><br \/>\n<strong>Pour les plus petits, une nuit au Centre a \u00e9t\u00e9 imagin\u00e9e, afin qu\u2019ils puissent participer \u00e9galement !<\/strong><\/p>\n<p style=\"text-align: justify;\"><strong>Le planning des activit\u00e9s est programm\u00e9 sur un mois, vous permettant ainsi de r\u00e9server vos journ\u00e9es.<\/strong><\/p>\n<div id=\"tarifs\">\n<h4 style=\"text-align: justify;\">Tarification<\/h4>\n<\/div>\n<p style=\"text-align: justify; background-color: #f3f781; padding: 10px 10px;\"><strong>Toute famille confiant son enfant \u00e0 l\u2019accueil de loisirs est adh\u00e9rente de l\u2019association Anim\u2019Enfance. Cette adh\u00e9sion annuelle de 38\u20ac est familiale. Elle permet l\u2019acc\u00e8s aux autres services de l\u2019Association (ateliers dessin, cr\u00e8che).<\/strong><br \/>\nLa tarification est fonction du Quotient Familial (QF), avec une r\u00e9partition en trois tranches. Le QF est un indice calcul\u00e9 \u00e0 partir des revenus net du foyer fiscal et du nombre de parts fiscales.<br \/>\n<strong>Des repas \u00e9quilibr\u00e9s sont pr\u00e9par\u00e9s sur place par une cuisini\u00e8re. Les demi-journ\u00e9es avec ou sans repas sont possibles<\/strong><\/p>\n<p style=\"text-align: justify;\"><strong>Le financement de l\u2019Accueil de Loisirs est assur\u00e9 par les r\u00e8glements des parents, la CAF, les subventions des mairies du RPI et le Conseil G\u00e9n\u00e9ral.<\/strong><\/p>\n<div style=\"background-color: #d8d8d8; padding: 10px; border-radius: 0 20px 0 20px; text-align: justify;\">\n<h3 style=\"text-align: justify;\">Horaires<\/h3>\n<p style=\"text-align: justify;\">Mercredis : 7h30 &#8211; 18h30<br \/>\nVacances scolaires : 7h30 &#8211; 18h30<br \/>\nLes demi-journ\u00e9es avec ou sans repas sont possibles.<\/p>\n<h4 style=\"text-align: justify;\">S&#8217;inscrire<\/h4>\n<p><strong>Pour une inscription au centre de loisirs, il faut remplir une fiche d&#8217;inscription + fiche sanitaire + fournir attestation d&#8217;assurance responsabilit\u00e9 civile. Vous trouverez les documents \u00e0 t\u00e9l\u00e9charger ci-dessous :<\/strong><\/p>\n<ul>\n<li style=\"text-align: left;\"><strong><span style=\"color: #ff0000;\"><a style=\"color: #ff0000;\" href=\"http:\/\/anim-enfance.org\/wp-content\/uploads\/2025\/08\/8-Fiche-inscription-ALSH-2025-26.pdf\">8 Fiche inscription ALSH -2025-26<\/a><\/span><\/strong><\/li>\n<li style=\"text-align: left;\"><strong><span style=\"color: #ff0000;\"> <a style=\"color: #ff0000;\" href=\"http:\/\/anim-enfance.org\/wp-content\/uploads\/2025\/08\/ALSH-Tarif-2025-26.pdf\">ALSH Tarif 2025-26<\/a><\/span><\/strong><\/li>\n<li style=\"text-align: left;\"><strong><span style=\"color: #ff0000;\"> <a style=\"color: #ff0000;\" href=\"http:\/\/anim-enfance.org\/wp-content\/uploads\/2025\/08\/DROIT-A-LIMAGE-2025-26.pdf\">DROIT A L\u2019IMAGE\u00a0 2025-26<\/a><\/span><\/strong><\/li>\n<li style=\"text-align: left;\"><strong><span style=\"color: #ff0000;\"> <a style=\"color: #ff0000;\" href=\"http:\/\/anim-enfance.org\/wp-content\/uploads\/2025\/08\/Fiche-sanitaire-de-liaison-cerfa-version-2024-25.pdf\">Fiche-sanitaire-de-liaison-cerfa-version-2025-26<\/a><\/span><\/strong><\/li>\n<li style=\"text-align: left;\"><strong><span style=\"color: #ff0000;\"> <a style=\"color: #ff0000;\" href=\"http:\/\/anim-enfance.org\/wp-content\/uploads\/2025\/08\/1-RIB-ANIMENFANCE-COMPTE-CCP-.pdf\">1 RIB ANIMENFANCE COMPTE CCP<\/a> <\/span><\/strong><\/li>\n<li style=\"text-align: left;\"><strong><span style=\"color: #ff0000;\"><a style=\"color: #ff0000;\" href=\"http:\/\/anim-enfance.org\/wp-content\/uploads\/2025\/08\/personnes-autorisees.pdf\">personnes autoris\u00e9es<\/a><\/span><\/strong><\/li>\n<\/ul>\n<h4>Contactez-nous<\/h4>\n<p>T\u00e9l\/Fax : 05 65 32 25 67<br \/>\nou <span style=\"color: #3366ff;\">\u00a0<strong>anim-enfance.org\u00a0<\/strong><\/span><strong><a href=\"http:\/\/anim-enfance.org\/index.php\/contact\/\"><span style=\"color: #3366ff;\">par mail<\/span> <\/a><br \/>\n<\/strong><\/p>\n<\/div>\n<p><a href=\"#haut\"><br \/>\nRetour haut de page <\/a><\/p>\n","protected":false},"excerpt":{"rendered":"<p>Fonctionnement de l&#8217;accueil de loisirs L&#8217;accueil de loisirs d\u2019 Anim\u2019Enfance est une structure d\u2019accueil sans h\u00e9bergement, pour les enfants de 3 ans \u00bd scolaris\u00e9s \u00e0 16 ans (jusqu\u2019\u00e0\u00a012 ans sur site et 16 ans pour les camps). Nous accueillons les enfants sans restriction g\u00e9ographique, m\u00eame les enfants de vacanciers sont les bienvenus ! La gestion &#8230; <span class=\"more\"><a class=\"more-link\" href=\"https:\/\/anim-enfance.org\/index.php\/centre-de-loisirs\/\">[En savoir plus&#8230;]<\/a><\/span><\/p>\n","protected":false},"author":1,"featured_media":0,"parent":0,"menu_order":4,"comment_status":"closed","ping_status":"closed","template":"page-full-width.php","meta":[],"_links":{"self":[{"href":"https:\/\/anim-enfance.org\/index.php\/wp-json\/wp\/v2\/pages\/7"}],"collection":[{"href":"https:\/\/anim-enfance.org\/index.php\/wp-json\/wp\/v2\/pages"}],"about":[{"href":"https:\/\/anim-enfance.org\/index.php\/wp-json\/wp\/v2\/types\/page"}],"author":[{"embeddable":true,"href":"https:\/\/anim-enfance.org\/index.php\/wp-json\/wp\/v2\/users\/1"}],"replies":[{"embeddable":true,"href":"https:\/\/anim-enfance.org\/index.php\/wp-json\/wp\/v2\/comments?post=7"}],"version-history":[{"count":180,"href":"https:\/\/anim-enfance.org\/index.php\/wp-json\/wp\/v2\/pages\/7\/revisions"}],"predecessor-version":[{"id":7600,"href":"https:\/\/anim-enfance.org\/index.php\/wp-json\/wp\/v2\/pages\/7\/revisions\/7600"}],"wp:attachment":[{"href":"https:\/\/anim-enfance.org\/index.php\/wp-json\/wp\/v2\/media?parent=7"}],"curies":[{"name":"wp","href":"https:\/\/api.w.org\/{rel}","templated":true}]}}