{"id":57,"date":"2016-04-09T21:12:57","date_gmt":"2016-04-09T20:12:57","guid":{"rendered":"http:\/\/anim-enfance.org\/?page_id=57"},"modified":"2022-09-30T11:32:31","modified_gmt":"2022-09-30T10:32:31","slug":"ram-2","status":"publish","type":"page","link":"https:\/\/anim-enfance.org\/index.php\/ram-2\/","title":{"rendered":"RPE"},"content":{"rendered":"<p style=\"text-align: justify;\"><img decoding=\"async\" loading=\"lazy\" class=\"alignnone wp-image-354 size-full\" src=\"http:\/\/anim-enfance.org\/wp-content\/uploads\/2016\/07\/bandeau_haut_ram.jpg\" alt=\"bandeau_haut_ram\" width=\"980\" height=\"380\" srcset=\"https:\/\/anim-enfance.org\/wp-content\/uploads\/2016\/07\/bandeau_haut_ram.jpg 980w, https:\/\/anim-enfance.org\/wp-content\/uploads\/2016\/07\/bandeau_haut_ram-300x116.jpg 300w, https:\/\/anim-enfance.org\/wp-content\/uploads\/2016\/07\/bandeau_haut_ram-768x298.jpg 768w\" sizes=\"(max-width: 980px) 100vw, 980px\" \/><\/p>\n<h3 style=\"text-align: justify;\">Les Relais Petite Enfance<\/h3>\n<p style=\"text-align: justify;\"><strong>Les Relais Petite Enfance sont un lieu de rencontres et d\u2019\u00e9changes pour les enfants de 0 \u00e0 6 ans, <\/strong><b>les assistantes maternelles, les\u00a0gardes \u00e0 domicile, les parents et les futurs parents<\/b>\u00a0 <strong>dans la convivialit\u00e9 et autour d&#8217;une activit\u00e9 propos\u00e9e par Isabelle ou Florence (\u00e9ducatrices de jeunes enfants).<\/strong><\/p>\n<p style=\"background-color: #f3f781; padding: 10px; text-align: justify;\"><strong>Ils fonctionnent \u00a0(hors vacances scolaires)\u00a0 sur 3 sites : \u00e0 Souillac: tous les mardis, \u00e0 Lamothe-F\u00e9n\u00e9lon: 1 mercredi sur 2 et\u00a0\u00e0 Saint-Sozy : 1 jeudi sur 2 .<\/strong><\/p>\n<p style=\"text-align: justify;\">Une question, que ce soit d&#8217;ordre mat\u00e9riel et\/ou administratif, les professionnelles sont \u00e0 votre \u00e9coute. Ce service est gratuit.<\/p>\n<p style=\"text-align: justify;\">\n<div style=\"background-color: #d8d8d8; padding: 10px; border-radius: 0 20px 0 20px; text-align: justify;\">\n<h3 style=\"text-align: justify;\">Les lieux et les horaires<\/h3>\n<ul>\n<li>Tous les mardis de 9h30 \u00e0 11h30 dans les locaux de l\u2019ancienne cr\u00e8che Pivaudran \u00e0 Souillac.<\/li>\n<li>1 mercredi sur 2 de 9h30 \u00e0 11h30 \u00e0 la salle des f\u00eates de Lamothe-F\u00e9n\u00e9lon.<\/li>\n<li>1 jeudi sur 2 de 9h30 \u00e0 11h30 dans les locaux de l\u2019association Anim\u2019Enfance \u00e0 Saint-Sozy.<\/li>\n<\/ul>\n<h4 style=\"text-align: justify;\">Contact<\/h4>\n<p><strong>Pour tous renseignements, contactez Isabelle Albagnac au 06.33.36.83.65 ,\u00a0<\/strong><strong><span style=\"color: #000000;\">de pr\u00e9f\u00e9rence le mardi entre 13h\/16h30 et le jeudi (jour d&#8217;animation du RPE ) entre 12h30 et 16h30, ou sur <a href=\"mailto:animenfancerpe@orange.fr\" target=\"_blank\" rel=\"noopener\">animenfancerpe@orange.fr<\/a><\/span><\/strong><\/p>\n<\/div>\n","protected":false},"excerpt":{"rendered":"<p>Les Relais Petite Enfance Les Relais Petite Enfance sont un lieu de rencontres et d\u2019\u00e9changes pour les enfants de 0 \u00e0 6 ans, les assistantes maternelles, les\u00a0gardes \u00e0 domicile, les parents et les futurs parents\u00a0 dans la convivialit\u00e9 et autour d&#8217;une activit\u00e9 propos\u00e9e par Isabelle ou Florence (\u00e9ducatrices de jeunes enfants). Ils fonctionnent \u00a0(hors vacances &#8230; <span class=\"more\"><a class=\"more-link\" href=\"https:\/\/anim-enfance.org\/index.php\/ram-2\/\">[En savoir plus&#8230;]<\/a><\/span><\/p>\n","protected":false},"author":1,"featured_media":0,"parent":0,"menu_order":3,"comment_status":"closed","ping_status":"closed","template":"page-full-width.php","meta":[],"_links":{"self":[{"href":"https:\/\/anim-enfance.org\/index.php\/wp-json\/wp\/v2\/pages\/57"}],"collection":[{"href":"https:\/\/anim-enfance.org\/index.php\/wp-json\/wp\/v2\/pages"}],"about":[{"href":"https:\/\/anim-enfance.org\/index.php\/wp-json\/wp\/v2\/types\/page"}],"author":[{"embeddable":true,"href":"https:\/\/anim-enfance.org\/index.php\/wp-json\/wp\/v2\/users\/1"}],"replies":[{"embeddable":true,"href":"https:\/\/anim-enfance.org\/index.php\/wp-json\/wp\/v2\/comments?post=57"}],"version-history":[{"count":42,"href":"https:\/\/anim-enfance.org\/index.php\/wp-json\/wp\/v2\/pages\/57\/revisions"}],"predecessor-version":[{"id":4357,"href":"https:\/\/anim-enfance.org\/index.php\/wp-json\/wp\/v2\/pages\/57\/revisions\/4357"}],"wp:attachment":[{"href":"https:\/\/anim-enfance.org\/index.php\/wp-json\/wp\/v2\/media?parent=57"}],"curies":[{"name":"wp","href":"https:\/\/api.w.org\/{rel}","templated":true}]}}