{"id":49,"date":"2016-04-09T21:06:42","date_gmt":"2016-04-09T20:06:42","guid":{"rendered":"http:\/\/anim-enfance.org\/?page_id=49"},"modified":"2023-10-29T17:11:04","modified_gmt":"2023-10-29T16:11:04","slug":"multi-accueil","status":"publish","type":"page","link":"https:\/\/anim-enfance.org\/index.php\/multi-accueil\/","title":{"rendered":"Multi-accueil cr\u00e8che &#8211; Saint Sozy"},"content":{"rendered":"<h3 style=\"text-align: justify;\"><img decoding=\"async\" loading=\"lazy\" class=\"wp-image-1275 aligncenter\" src=\"http:\/\/anim-enfance.org\/wp-content\/uploads\/2018\/02\/IMG_4044-300x165.jpg\" alt=\"\" width=\"956\" height=\"526\" srcset=\"https:\/\/anim-enfance.org\/wp-content\/uploads\/2018\/02\/IMG_4044-300x165.jpg 300w, https:\/\/anim-enfance.org\/wp-content\/uploads\/2018\/02\/IMG_4044-1024x562.jpg 1024w\" sizes=\"(max-width: 956px) 100vw, 956px\" \/><\/h3>\n<div id=\"hautdepage\">\n<h4 style=\"text-align: justify;\"><\/h4>\n<h4 style=\"text-align: justify;\"><\/h4>\n<h4 style=\"text-align: justify;\"><\/h4>\n<h1 style=\"text-align: justify;\"><\/h1>\n<h4 style=\"text-align: justify;\"><\/h4>\n<h4 style=\"text-align: justify;\">Anim&#8217;Enfance pour tous les \u00e2ges<\/h4>\n<\/div>\n<p style=\"text-align: justify;\"><strong>L&#8217;association Anim&#8217;Enfance g\u00e8re aussi un multi-accueil cr\u00e8che. La cr\u00e8che tient compte des besoins fondamentaux du jeune enfant en respectant ses rythmes et ses habitudes et accueille les enfants de 2 mois et demi \u00e0 6 ans, avec un agr\u00e9ment pour 15 enfants.<\/strong><\/p>\n<ul>\n<li><span style=\"color: #0000ff;\"><a style=\"color: #0000ff;\" href=\"#equipe\">L&#8217;\u00e9quipe <\/a><\/span><\/li>\n<li><span style=\"color: #0000ff;\"><a style=\"color: #0000ff;\" href=\"#adaptation\">L&#8217;adaptation<\/a><\/span><\/li>\n<li><span style=\"color: #0000ff;\"><a style=\"color: #0000ff;\" href=\"#liaison\">La liaison entre l&#8217;\u00e9quipe et les parents<\/a><\/span><\/li>\n<li><span style=\"color: #0000ff;\"><a style=\"color: #0000ff;\" href=\"#pratiques\">Infos Pratique<\/a><\/span><\/li>\n<li><span style=\"color: #0000ff;\"><a style=\"color: #0000ff;\" href=\"http:\/\/anim-enfance.org\/wp-content\/uploads\/2017\/05\/plaquette-creche.pptx\">plaquette cr\u00e8che<\/a><\/span><\/li>\n<li><span style=\"color: #0000ff;\"><a style=\"color: #0000ff;\" href=\"http:\/\/anim-enfance.org\/wp-content\/uploads\/2023\/10\/PROJET-PEDAGOGIQUE-JANV-2022.pdf\">Projet P\u00e9dagogique janv 2022<\/a><\/span><\/li>\n<li><span style=\"color: #0000ff;\"><a style=\"color: #0000ff;\" href=\"http:\/\/anim-enfance.org\/wp-content\/uploads\/2023\/10\/Reglement-fonctionnement-JANV-2022.pdf\">R\u00e8glement fonctionnement JANV 2022<\/a><\/span><\/li>\n<li><span style=\"color: #0000ff;\"><a style=\"color: #0000ff;\" href=\"http:\/\/anim-enfance.org\/wp-content\/uploads\/2023\/10\/projet-d-etabl-JANV-2022.pdf\">projet d&#8217;\u00e9tablissement JANV 2022<\/a><\/span><\/li>\n<\/ul>\n<p style=\"background-color: #f3f781; padding: 10px; border-radius: 0 20px 0 20px; text-align: justify;\"><strong> Les repas, les go\u00fbters sont fournis par la cr\u00e8che, et sont compris dans le tarif.<\/strong> Les repas sont pr\u00e9par\u00e9s sur place par notre agent de cuisine, avec des produits locaux, selon les r\u00e8gles sanitaires en vigueur. les repas sont \u00e9quilibr\u00e9s et adapt\u00e9s selon l&#8217;\u00e2ge des enfants.<br \/>\nLes menus sont distribu\u00e9s aux parents une fois par mois. Les biberons sont pr\u00e9par\u00e9s sur place au fur et \u00e0 mesure des besoins, avec de l&#8217;eau en bouteille. Seul le lait maternis\u00e9 ou le lait de croissance doit \u00eatre fournis par la famille.<\/p>\n<div id=\"equipe\">\n<h4 style=\"text-align: justify;\">L&#8217;\u00e9quipe<\/h4>\n<\/div>\n<p style=\"text-align: justify;\">Les enfants sont accueillis par une \u00e9quipe d&#8217;animatrices, sous la direction de Sylvie Laumond, auxiliaire de pu\u00e9riculture, assist\u00e9es de deux adjointes, Gis\u00e8le Gavet, auxiliaire de pu\u00e9riculture, et Florence Neuville, \u00e9ducatrice de jeunes enfants.<br \/>\n<strong>L&#8217;\u00e9quipe est constitu\u00e9es d&#8217;animatrices dipl\u00f4m\u00e9es \u00e9ducatrices de jeunes enfants, animatrice (CAP Petite Enfance, auxiliaire de jardins d&#8217;enfants&#8230;), auxiliaires pu\u00e9ricultrices&#8230;.<\/strong><\/p>\n<div id=\"adaptation\">\n<h4 style=\"text-align: justify;\">L&#8217;adaptation<\/h4>\n<\/div>\n<p style=\"text-align: justify;\"><strong>Une p\u00e9riode d&#8217;adaptation est indispensable pour tout enfant accueilli \u00e0 la cr\u00e8che. Elle permet \u00e0 chacun de faire connaissance, de se sentir en s\u00e9curit\u00e9 et de se familiariser avec le fonctionnement et les rythmes de la structure de l&#8217;enfant.<\/strong><br \/>\nPour le premier contact, venez passer un moment avec votre &#8220;petit bout&#8221;. Une fois ou plusieurs fois : une adaptation en douceur pourra ainsi se faire et sera \u00e9tablie en fonction du besoin de la famille. Tant que le parent est pr\u00e9sent aupr\u00e8s de son enfant pendant cette p\u00e9riode, les heures ne seront pas factur\u00e9es. La facturation d\u00e9bute \u00e0 partir du moment o\u00f9 la pr\u00e9sence ne sera plus n\u00e9cessaire.<\/p>\n<div id=\"liaison\">\n<h4 style=\"text-align: justify;\">La liaison entre l&#8217;\u00e9quipe et les parents<\/h4>\n<\/div>\n<p style=\"text-align: justify;\">Pour un meilleur accueil de votre enfant, prenez le temps de parler aux professionnelles de la cr\u00e8che, de ses habitudes, de son alimentation, du sommeil &#8230; Elles sont \u00e0 l&#8217;\u00e9coute de vos souhaits dans la mesure o\u00f9 ils sont compatibles avec la vie de la cr\u00e8che.<br \/>\n<strong>Tous les jours, un tableau servant de liaison entre les parents et le personnel pour le suivi de la journ\u00e9e v\u00e9cue par les enfants est tenu.<\/strong><\/p>\n<p style=\"text-align: justify;\">Retrouvez :<\/p>\n<ul style=\"text-align: justify;\">\n<li><a href=\"http:\/\/anim-enfance.org\/index.php\/category\/actualites-multi-accueil\/\">les actualit\u00e9s de la cr\u00e8che<\/a><\/li>\n<li><a href=\"http:\/\/anim-enfance.org\/index.php\/category\/disponnibilites-de-garde-a-la-semaine\/\">les disponibilit\u00e9s de garde \u00e0 la semaine<\/a><\/li>\n<li><a href=\"http:\/\/anim-enfance.org\/index.php\/category\/menus-cantine\/\">les menus des cantines<\/a><\/li>\n<li><a href=\"http:\/\/anim-enfance.org\/index.php\/category\/galerie-multi-accueil\/\">notre galerie photo de la cr\u00e8che<\/a><\/li>\n<\/ul>\n<div style=\"background-color: #d8d8d8; padding: 10px; border-radius: 0 20px 0 20px; text-align: justify;\">\n<div id=\"pratiques\">\n<h3 style=\"text-align: justify;\">Horaires<\/h3>\n<\/div>\n<p style=\"text-align: justify;\">Le multi-accueil fonctionne du lundi au vendredi, de 7h30 \u00e0 18h30<br \/>\nFermeture une semaine entre No\u00ebl et le 1er de l&#8217;an et trois semaines en Ao\u00fbt ainsi que pour le pont de l&#8217;Ascension.<\/p>\n<h4 style=\"text-align: justify;\">Tarifs, fonctionnement et\u00a0 modalit\u00e9s d&#8217;inscription<\/h4>\n<p><a href=\"http:\/\/anim-enfance.org\/wp-content\/uploads\/2018\/02\/Reglement-fonctionnement-retravaill\u00e9-animenfance-26-septembre.doc\">T\u00e9l\u00e9charger le document<\/a><\/p>\n<h4 style=\"text-align: justify;\">Contacts<\/h4>\n<p style=\"text-align: justify;\"><strong>Pour tous renseignements, contactez Sylvie Laumond au 05.65.32.25.67<\/strong><\/p>\n<\/div>\n<p><a href=\"#hautdepage\">Retour au de page <\/a><\/p>\n","protected":false},"excerpt":{"rendered":"<p>Anim&#8217;Enfance pour tous les \u00e2ges L&#8217;association Anim&#8217;Enfance g\u00e8re aussi un multi-accueil cr\u00e8che. La cr\u00e8che tient compte des besoins fondamentaux du jeune enfant en respectant ses rythmes et ses habitudes et accueille les enfants de 2 mois et demi \u00e0 6 ans, avec un agr\u00e9ment pour 15 enfants. L&#8217;\u00e9quipe L&#8217;adaptation La liaison entre l&#8217;\u00e9quipe et les &#8230; <span class=\"more\"><a class=\"more-link\" href=\"https:\/\/anim-enfance.org\/index.php\/multi-accueil\/\">[En savoir plus&#8230;]<\/a><\/span><\/p>\n","protected":false},"author":1,"featured_media":0,"parent":0,"menu_order":2,"comment_status":"closed","ping_status":"closed","template":"page-full-width.php","meta":[],"_links":{"self":[{"href":"https:\/\/anim-enfance.org\/index.php\/wp-json\/wp\/v2\/pages\/49"}],"collection":[{"href":"https:\/\/anim-enfance.org\/index.php\/wp-json\/wp\/v2\/pages"}],"about":[{"href":"https:\/\/anim-enfance.org\/index.php\/wp-json\/wp\/v2\/types\/page"}],"author":[{"embeddable":true,"href":"https:\/\/anim-enfance.org\/index.php\/wp-json\/wp\/v2\/users\/1"}],"replies":[{"embeddable":true,"href":"https:\/\/anim-enfance.org\/index.php\/wp-json\/wp\/v2\/comments?post=49"}],"version-history":[{"count":73,"href":"https:\/\/anim-enfance.org\/index.php\/wp-json\/wp\/v2\/pages\/49\/revisions"}],"predecessor-version":[{"id":5624,"href":"https:\/\/anim-enfance.org\/index.php\/wp-json\/wp\/v2\/pages\/49\/revisions\/5624"}],"wp:attachment":[{"href":"https:\/\/anim-enfance.org\/index.php\/wp-json\/wp\/v2\/media?parent=49"}],"curies":[{"name":"wp","href":"https:\/\/api.w.org\/{rel}","templated":true}]}}