{"id":42,"date":"2016-04-09T20:42:52","date_gmt":"2016-04-09T19:42:52","guid":{"rendered":"http:\/\/anim-enfance.org\/?page_id=42"},"modified":"2018-02-09T11:16:32","modified_gmt":"2018-02-09T10:16:32","slug":"acces","status":"publish","type":"page","link":"https:\/\/anim-enfance.org\/index.php\/acces\/","title":{"rendered":"Acc\u00e8s"},"content":{"rendered":"<p>Situ\u00e9 \u00e0 proximit\u00e9 de Souillac, Martel, Rocamadour, Saint-Sozy est un charmant village de la vall\u00e9e de la Dordogne.<br \/>\nNous sommes install\u00e9s au c\u0153ur du village, pr\u00e8s du groupe scolaire et des \u00e9quipements sportifs.<\/p>\n<p><strong>Anim&#8217;enfance &#8211; 38 rue de L&#8217;Occitanie 46200 Saint-Sozy.<\/strong><br \/>\nT\u00e9l : 05 65 32 25 67<br \/>\n<iframe loading=\"lazy\" style=\"border: 0;\" src=\"https:\/\/www.google.com\/maps\/embed?pb=!1m14!1m8!1m3!1d11308.66114333829!2d1.5669036!3d44.8792852!3m2!1i1024!2i768!4f13.1!3m3!1m2!1s0x0%3A0xea3610b2d965fde8!2sAnim'Enfance!5e0!3m2!1sfr!2sfr!4v1460231522586\" width=\"600\" height=\"450\" frameborder=\"0\" allowfullscreen=\"allowfullscreen\"><\/iframe><\/p>\n","protected":false},"excerpt":{"rendered":"<p>Situ\u00e9 \u00e0 proximit\u00e9 de Souillac, Martel, Rocamadour, Saint-Sozy est un charmant village de la vall\u00e9e de la Dordogne. Nous sommes install\u00e9s au c\u0153ur du village, pr\u00e8s du groupe scolaire et des \u00e9quipements sportifs. Anim&#8217;enfance &#8211; 38 rue de L&#8217;Occitanie 46200 Saint-Sozy. T\u00e9l : 05 65 32 25 67<\/p>\n","protected":false},"author":1,"featured_media":0,"parent":0,"menu_order":7,"comment_status":"closed","ping_status":"closed","template":"","meta":[],"_links":{"self":[{"href":"https:\/\/anim-enfance.org\/index.php\/wp-json\/wp\/v2\/pages\/42"}],"collection":[{"href":"https:\/\/anim-enfance.org\/index.php\/wp-json\/wp\/v2\/pages"}],"about":[{"href":"https:\/\/anim-enfance.org\/index.php\/wp-json\/wp\/v2\/types\/page"}],"author":[{"embeddable":true,"href":"https:\/\/anim-enfance.org\/index.php\/wp-json\/wp\/v2\/users\/1"}],"replies":[{"embeddable":true,"href":"https:\/\/anim-enfance.org\/index.php\/wp-json\/wp\/v2\/comments?post=42"}],"version-history":[{"count":17,"href":"https:\/\/anim-enfance.org\/index.php\/wp-json\/wp\/v2\/pages\/42\/revisions"}],"predecessor-version":[{"id":1249,"href":"https:\/\/anim-enfance.org\/index.php\/wp-json\/wp\/v2\/pages\/42\/revisions\/1249"}],"wp:attachment":[{"href":"https:\/\/anim-enfance.org\/index.php\/wp-json\/wp\/v2\/media?parent=42"}],"curies":[{"name":"wp","href":"https:\/\/api.w.org\/{rel}","templated":true}]}}