{"id":189,"date":"2016-07-27T09:28:31","date_gmt":"2016-07-27T08:28:31","guid":{"rendered":"http:\/\/anim-enfance.org\/?page_id=189"},"modified":"2026-02-05T19:07:17","modified_gmt":"2026-02-05T18:07:17","slug":"qui-sommes-nous","status":"publish","type":"page","link":"https:\/\/anim-enfance.org\/index.php\/qui-sommes-nous\/","title":{"rendered":"Qui sommes nous ?"},"content":{"rendered":"<h2 style=\"text-align: justify;\"><img decoding=\"async\" loading=\"lazy\" class=\"alignnone wp-image-390\" src=\"http:\/\/anim-enfance.org\/wp-content\/uploads\/2016\/07\/bandeau_image2-300x116.jpg\" alt=\"bandeau_image2\" width=\"980\" height=\"380\" srcset=\"https:\/\/anim-enfance.org\/wp-content\/uploads\/2016\/07\/bandeau_image2-300x116.jpg 300w, https:\/\/anim-enfance.org\/wp-content\/uploads\/2016\/07\/bandeau_image2-768x298.jpg 768w, https:\/\/anim-enfance.org\/wp-content\/uploads\/2016\/07\/bandeau_image2.jpg 980w\" sizes=\"(max-width: 980px) 100vw, 980px\" \/><\/h2>\n<h3 style=\"text-align: justify;\">Pr\u00e9sentation<\/h3>\n<p style=\"text-align: justify;\"><strong>L&#8217;association Anim&#8217;Enfance\u00a0 de Saint Sozy g\u00e8re :<img decoding=\"async\" loading=\"lazy\" class=\"size-full wp-image-4 alignright\" src=\"http:\/\/anim-enfance.org\/wp-content\/uploads\/2016\/03\/unnamed.png\" alt=\"unnamed\" width=\"130\" height=\"147\" \/><\/strong><\/p>\n<ul style=\"text-align: justify;\">\n<li><a href=\"http:\/\/anim-enfance.org\/index.php\/multi-accueil\/\">une cr\u00e8che multi-accueil<\/a><\/li>\n<li><a href=\"http:\/\/anim-enfance.org\/index.php\/centre-de-loisirs\/\">un centre de loisirs (ALSH)<\/a><\/li>\n<li><a href=\"http:\/\/anim-enfance.org\/index.php\/ram-2\/\">un Relais Petite Enfance (RPE)<\/a><\/li>\n<\/ul>\n<h4 style=\"text-align: justify;\">L&#8217;association<\/h4>\n<p style=\"text-align: justify;\"><strong>L\u2019association Anim\u2019Enfance, g\u00e8re un multi accueil, des relais d\u2019assistantes maternelles, un accueil de loisirs et un atelier dessin, sous la responsabilit\u00e9 d&#8217;un bureau compos\u00e9 de parents b\u00e9n\u00e9voles, qui constitue un Conseil d\u2019Administration: 2 Co-pr\u00e9sidents, 2 tr\u00e9soriers, 2 secr\u00e9taires et des membres actifs.<\/strong><\/p>\n<p style=\"text-align: justify;\"><a href=\"http:\/\/anim-enfance.org\/wp-content\/uploads\/2016\/07\/article_depeche.jpg\" data-rel=\"lightbox-image-0\" data-rl_title=\"\" data-rl_caption=\"\" title=\"\">On parle de nous dans la D\u00e9p\u00eache ! Lisez l&#8217;article<\/a><\/p>\n<h4 style=\"text-align: justify;\">Les Locaux<\/h4>\n<p><img decoding=\"async\" loading=\"lazy\" class=\"aligncenter wp-image-344\" style=\"border-radius: 0 20px 0 20px;\" src=\"http:\/\/anim-enfance.org\/wp-content\/uploads\/2016\/07\/bandeau_bas-300x58.jpg\" alt=\"bandeau_bas\" width=\"980\" height=\"190\" srcset=\"https:\/\/anim-enfance.org\/wp-content\/uploads\/2016\/07\/bandeau_bas-300x58.jpg 300w, https:\/\/anim-enfance.org\/wp-content\/uploads\/2016\/07\/bandeau_bas-768x149.jpg 768w, https:\/\/anim-enfance.org\/wp-content\/uploads\/2016\/07\/bandeau_bas.jpg 980w\" sizes=\"(max-width: 980px) 100vw, 980px\" \/><\/p>\n<div style=\"background-color: #d8d8d8; padding: 10px; border-radius: 0 20px 0 20px;\">\n<h3 style=\"text-align: justify;\">Horaires<\/h3>\n<p style=\"text-align: justify;\"><strong>Ouverture :<br \/><\/strong>Du lundi au vendredi de 7h30 \u00e0 18h30<\/p>\n<p><strong>Fermetures :<\/strong><br \/><strong>&#8211; 3 semaines en ao\u00fbt<\/strong><br \/><strong>&#8211;\u00a0 semaine entre No\u00ebl et jour de l&#8217;an<\/strong><br \/><strong>&#8211; pont de l&#8217;Ascension<\/strong><\/p>\n<p><span style=\"color: #000000;\"><b>&#8211;<a href=\"http:\/\/anim-enfance.org\/wp-content\/uploads\/2026\/02\/FERMETURE-2026.pdf\">FERMETURE 2026<\/a><\/b><\/span><\/p>\n<p>\u00a0<\/p>\n<h4 style=\"text-align: justify;\">Contactez-nous !<\/h4>\n<p style=\"text-align: justify;\"><a href=\"http:\/\/anim-enfance.org\/index.php\/contact\/\">Par mail<\/a> <strong>animenfancecrecheal@orange.fr<\/strong> ou par t\u00e9l\u00e9phone\/fax au <strong>05 65 32 25 67<\/strong><\/p>\n<\/div>\n\n\n<p><\/p>\n","protected":false},"excerpt":{"rendered":"<p>Pr\u00e9sentation L&#8217;association Anim&#8217;Enfance\u00a0 de Saint Sozy g\u00e8re : une cr\u00e8che multi-accueil un centre de loisirs (ALSH) un Relais Petite Enfance (RPE) L&#8217;association L\u2019association Anim\u2019Enfance, g\u00e8re un multi accueil, des relais d\u2019assistantes maternelles, un accueil de loisirs et un atelier dessin, sous la responsabilit\u00e9 d&#8217;un bureau compos\u00e9 de parents b\u00e9n\u00e9voles, qui constitue un Conseil d\u2019Administration: 2 &#8230; <span class=\"more\"><a class=\"more-link\" href=\"https:\/\/anim-enfance.org\/index.php\/qui-sommes-nous\/\">[En savoir plus&#8230;]<\/a><\/span><\/p>\n","protected":false},"author":1,"featured_media":0,"parent":0,"menu_order":1,"comment_status":"closed","ping_status":"closed","template":"page-full-width.php","meta":[],"_links":{"self":[{"href":"https:\/\/anim-enfance.org\/index.php\/wp-json\/wp\/v2\/pages\/189"}],"collection":[{"href":"https:\/\/anim-enfance.org\/index.php\/wp-json\/wp\/v2\/pages"}],"about":[{"href":"https:\/\/anim-enfance.org\/index.php\/wp-json\/wp\/v2\/types\/page"}],"author":[{"embeddable":true,"href":"https:\/\/anim-enfance.org\/index.php\/wp-json\/wp\/v2\/users\/1"}],"replies":[{"embeddable":true,"href":"https:\/\/anim-enfance.org\/index.php\/wp-json\/wp\/v2\/comments?post=189"}],"version-history":[{"count":69,"href":"https:\/\/anim-enfance.org\/index.php\/wp-json\/wp\/v2\/pages\/189\/revisions"}],"predecessor-version":[{"id":7970,"href":"https:\/\/anim-enfance.org\/index.php\/wp-json\/wp\/v2\/pages\/189\/revisions\/7970"}],"wp:attachment":[{"href":"https:\/\/anim-enfance.org\/index.php\/wp-json\/wp\/v2\/media?parent=189"}],"curies":[{"name":"wp","href":"https:\/\/api.w.org\/{rel}","templated":true}]}}